{"id":173,"date":"2017-01-30T20:54:11","date_gmt":"2017-01-30T20:54:11","guid":{"rendered":"http:\/\/asturiasacaballo.com\/?page_id=173"},"modified":"2023-12-19T10:32:03","modified_gmt":"2023-12-19T10:32:03","slug":"rutas-largas","status":"publish","type":"page","link":"https:\/\/asturiasacaballo.com\/en\/rutas-largas","title":{"rendered":"Long trails"},"content":{"rendered":"<p><a href=\"https:\/\/asturiasacaballo.com\"><img loading=\"lazy\" decoding=\"async\" class=\"alignnone wp-image-917 size-medium\" title=\"Llegada a la caba\u00f1a despu\u00e9s del primer d\u00eda de ruta\" src=\"https:\/\/asturiasacaballo.com\/wp-content\/uploads\/2020\/05\/cropped-atardecer_caballos-scaled-1-300x180.jpg\" alt=\"en las rutas largas hacemos paradas para dormir en lugares incre\u00edbles\" width=\"300\" height=\"180\" srcset=\"https:\/\/asturiasacaballo.com\/wp-content\/uploads\/2020\/05\/cropped-atardecer_caballos-scaled-1-300x180.jpg 300w, https:\/\/asturiasacaballo.com\/wp-content\/uploads\/2020\/05\/cropped-atardecer_caballos-scaled-1-1024x614.jpg 1024w, https:\/\/asturiasacaballo.com\/wp-content\/uploads\/2020\/05\/cropped-atardecer_caballos-scaled-1-768x461.jpg 768w, https:\/\/asturiasacaballo.com\/wp-content\/uploads\/2020\/05\/cropped-atardecer_caballos-scaled-1-1536x922.jpg 1536w, https:\/\/asturiasacaballo.com\/wp-content\/uploads\/2020\/05\/cropped-atardecer_caballos-scaled-1.jpg 2000w\" sizes=\"auto, (max-width: 300px) 100vw, 300px\" \/><\/a><\/p>\n<p>&nbsp;<\/p>\n<p><span style=\"color: #800000;\"><strong>Important information:<\/strong> <\/span>our horses live outside, and they are not always available immediately. If you want to come to make a trail with us, you need to contact us by Whatsapp before to make an appointment<\/p>\n<p>So if you want to book one of our short trails, please call us or send us a WhatsApp message to (+34) 647 52 12 94<\/p>\n<p>You can also visit our <a href=\"https:\/\/www.facebook.com\/asturiasacaballo\/\">facebook page<\/a> &nbsp;and our instagram&nbsp;<a href=\"https:\/\/www.instagram.com\/asturacaballo\/\">@asturacaballo<\/a>&nbsp;for further information<\/p>\n<h2>2 days trail<\/h2>\n<p align=\"JUSTIFY\">They are perfect for an adventure weekend. We will ride 6 to 8 hours per day. Each jockey will carry his own meal; we will camp and we can organize a barbecue for the dinner (price not included in the trail price). There will be shower and bathrooms at the end of the day.<\/p>\n<p>&nbsp;<\/p>\n<h2>Several days trail<\/h2>\n<p align=\"JUSTIFY\">If you are an experienced jockey, this trail has been made for you! We can organize trails in different locations. We will need some time to organize this kind of trail, so please if you want to book, call us in advance. This is the perfect trail for intense short hollidays.<\/p>\n<p align=\"JUSTIFY\">You can also learn more about our <a href=\"https:\/\/asturiasacaballo.com\/en\/rutas-cortas\">short trails<\/a>.<\/p>\n\n\n<p><\/p>\n","protected":false},"excerpt":{"rendered":"<p>&nbsp; Important information: our horses live outside, and they are not always available immediately. If you want to come to make a trail with us, you need to contact us by Whatsapp before to make an appointment So if you want to book one of our short trails, please call us or send us a &hellip; <\/p>\n<p class=\"link-more\"><a href=\"https:\/\/asturiasacaballo.com\/en\/rutas-largas\" class=\"more-link\">Continue reading<span class=\"screen-reader-text\"> &#8220;Long trails&#8221;<\/span><\/a><\/p>\n","protected":false},"author":1,"featured_media":0,"parent":0,"menu_order":0,"comment_status":"closed","ping_status":"closed","template":"","meta":{"ngg_post_thumbnail":0,"footnotes":""},"class_list":["post-173","page","type-page","status-publish","hentry"],"translation":{"provider":"WPGlobus","version":"2.7.6","language":"en","enabled_languages":["es","fr","en"],"languages":{"es":{"title":true,"content":true,"excerpt":false},"fr":{"title":true,"content":true,"excerpt":false},"en":{"title":true,"content":true,"excerpt":false}}},"yoast_head":"<!-- This site is optimized with the Yoast SEO plugin v16.5 - https:\/\/yoast.com\/wordpress\/plugins\/seo\/ -->\n<title>excursion a caballo varios d\u00edas, ruta larga a caballo, paseo a caballo largo<\/title>\n<meta name=\"robots\" content=\"index, follow, max-snippet:-1, max-image-preview:large, max-video-preview:-1\" \/>\n<link rel=\"canonical\" href=\"https:\/\/asturiasacaballo.com\/rutas-largas\" \/>\n<meta property=\"og:locale\" content=\"en_US\" \/>\n<meta property=\"og:type\" content=\"article\" \/>\n<meta property=\"og:title\" content=\"excursion a caballo varios d\u00edas, ruta larga a caballo, paseo a caballo largo\" \/>\n<meta property=\"og:url\" content=\"https:\/\/asturiasacaballo.com\/rutas-largas\" \/>\n<meta property=\"og:site_name\" content=\"Asturias by Horse\" \/>\n<meta property=\"article:publisher\" content=\"https:\/\/www.facebook.com\/asturiasacaballo\/\" \/>\n<meta property=\"article:modified_time\" content=\"2023-12-19T10:32:03+00:00\" \/>\n<meta property=\"og:image\" content=\"https:\/\/asturiasacaballo.com\/wp-content\/uploads\/2020\/05\/cropped-atardecer_caballos-scaled-1-300x180.jpg\" \/>\n<meta name=\"twitter:card\" content=\"summary\" \/>\n<meta name=\"twitter:label1\" content=\"Est. reading time\" \/>\n\t<meta name=\"twitter:data1\" content=\"2 minutes\" \/>\n<script type=\"application\/ld+json\" class=\"yoast-schema-graph\">{\"@context\":\"https:\/\/schema.org\",\"@graph\":[{\"@type\":\"Organization\",\"@id\":\"https:\/\/asturiasacaballo.com\/#organization\",\"name\":\"Asturias a caballo - Paseos y rutas a caballo por Asturias\",\"url\":\"https:\/\/asturiasacaballo.com\/\",\"sameAs\":[\"https:\/\/www.facebook.com\/asturiasacaballo\/\",\"https:\/\/www.instagram.com\/asturacaballo\/\"],\"logo\":{\"@type\":\"ImageObject\",\"@id\":\"https:\/\/asturiasacaballo.com\/#logo\",\"inLanguage\":\"en-US\",\"url\":\"https:\/\/asturiasacaballo.com\/wp-content\/uploads\/2018\/08\/logoAsturiasACaballo.jpg\",\"contentUrl\":\"https:\/\/asturiasacaballo.com\/wp-content\/uploads\/2018\/08\/logoAsturiasACaballo.jpg\",\"width\":454,\"height\":451,\"caption\":\"Asturias a caballo - Paseos y rutas a caballo por Asturias\"},\"image\":{\"@id\":\"https:\/\/asturiasacaballo.com\/#logo\"}},{\"@type\":\"WebSite\",\"@id\":\"https:\/\/asturiasacaballo.com\/#website\",\"url\":\"https:\/\/asturiasacaballo.com\/\",\"name\":\"Asturias a Caballo\",\"description\":\"Horse riding all over Asturias\",\"publisher\":{\"@id\":\"https:\/\/asturiasacaballo.com\/#organization\"},\"potentialAction\":[{\"@type\":\"SearchAction\",\"target\":\"https:\/\/asturiasacaballo.com\/?s={search_term_string}\",\"query-input\":\"required name=search_term_string\"}],\"inLanguage\":\"en-US\"},{\"@type\":\"ImageObject\",\"@id\":\"https:\/\/asturiasacaballo.com\/rutas-largas#primaryimage\",\"inLanguage\":\"en-US\",\"url\":\"https:\/\/asturiasacaballo.com\/wp-content\/uploads\/2020\/05\/cropped-atardecer_caballos-scaled-1.jpg\",\"contentUrl\":\"https:\/\/asturiasacaballo.com\/wp-content\/uploads\/2020\/05\/cropped-atardecer_caballos-scaled-1.jpg\",\"width\":2000,\"height\":1200},{\"@type\":\"WebPage\",\"@id\":\"https:\/\/asturiasacaballo.com\/rutas-largas#webpage\",\"url\":\"https:\/\/asturiasacaballo.com\/rutas-largas\",\"name\":\"excursion a caballo varios d\\u00edas, ruta larga a caballo, paseo a caballo largo\",\"isPartOf\":{\"@id\":\"https:\/\/asturiasacaballo.com\/#website\"},\"primaryImageOfPage\":{\"@id\":\"https:\/\/asturiasacaballo.com\/rutas-largas#primaryimage\"},\"datePublished\":\"2017-01-30T20:54:11+00:00\",\"dateModified\":\"2023-12-19T10:32:03+00:00\",\"description\":\"Rutas a caballo por Asturias excursiones a caballo paseos a caballo Asturias\",\"breadcrumb\":{\"@id\":\"https:\/\/asturiasacaballo.com\/rutas-largas#breadcrumb\"},\"inLanguage\":\"en-US\",\"potentialAction\":[{\"@type\":\"ReadAction\",\"target\":[\"https:\/\/asturiasacaballo.com\/rutas-largas\"]}]},{\"@type\":\"BreadcrumbList\",\"@id\":\"https:\/\/asturiasacaballo.com\/rutas-largas#breadcrumb\",\"itemListElement\":[{\"@type\":\"ListItem\",\"position\":1,\"name\":\"Portada\",\"item\":\"https:\/\/asturiasacaballo.com\/\"},{\"@type\":\"ListItem\",\"position\":2,\"name\":\"Rutas largas\"}]}]}<\/script>\n<!-- \/ Yoast SEO plugin. -->","_links":{"self":[{"href":"https:\/\/asturiasacaballo.com\/en\/wp-json\/wp\/v2\/pages\/173","targetHints":{"allow":["GET"]}}],"collection":[{"href":"https:\/\/asturiasacaballo.com\/en\/wp-json\/wp\/v2\/pages"}],"about":[{"href":"https:\/\/asturiasacaballo.com\/en\/wp-json\/wp\/v2\/types\/page"}],"author":[{"embeddable":true,"href":"https:\/\/asturiasacaballo.com\/en\/wp-json\/wp\/v2\/users\/1"}],"replies":[{"embeddable":true,"href":"https:\/\/asturiasacaballo.com\/en\/wp-json\/wp\/v2\/comments?post=173"}],"version-history":[{"count":61,"href":"https:\/\/asturiasacaballo.com\/en\/wp-json\/wp\/v2\/pages\/173\/revisions"}],"predecessor-version":[{"id":1179,"href":"https:\/\/asturiasacaballo.com\/en\/wp-json\/wp\/v2\/pages\/173\/revisions\/1179"}],"wp:attachment":[{"href":"https:\/\/asturiasacaballo.com\/en\/wp-json\/wp\/v2\/media?parent=173"}],"curies":[{"name":"wp","href":"https:\/\/api.w.org\/{rel}","templated":true}]}}