{"id":73,"date":"2017-01-29T14:11:45","date_gmt":"2017-01-29T14:11:45","guid":{"rendered":"http:\/\/asturiasacaballo.com\/?page_id=73"},"modified":"2024-07-06T09:49:46","modified_gmt":"2024-07-06T09:49:46","slug":"nuestras-rutas","status":"publish","type":"page","link":"https:\/\/asturiasacaballo.com\/en\/nuestras-rutas","title":{"rendered":"Our trails"},"content":{"rendered":"<p>If you are looking for trails in a horse in Asturias, you are in the right place!<\/p>\n<h2>Geography<\/h2>\n<p align=\"JUSTIFY\">We are located between the &#8220;concejos&#8221; of Corvera, Oviedo, Llanera and Las Regueras, but we can make ourselves available in any other location in Asturias if you require so.<\/p>\n<p align=\"JUSTIFY\">We propose trails in wild nature. One of the advantages of riding a horse is that you can travel easily through interesting and quaint places which are not so accessible by walk.<\/p>\n<p align=\"JUSTIFY\">We have conceived our trails thinking of all kinds of nature and horse loves: you will enjoy at the same time the landscape and the horse. We will try to organize our trails in 4 or 5 people groups to make sure you have the best experience.<\/p>\n<p>&nbsp;<\/p>\n<h2>Equipment<\/h2>\n<p align=\"JUSTIFY\">We suggest you to wear long-sleeved resistant clothes which withstand friction with branches or brambles.&nbsp; &nbsp;<\/p>\n<p align=\"JUSTIFY\">We provide riding helmet, leggins and vest. If you have delicate hands, you can bring gloves. We also suggest you to wear resistant shoes, sport shoes are ok, but you must avoid hiking boots which can be too big to use the stirrup.<\/p>\n<p>&nbsp;<\/p>\n<h2>Our trails<\/h2>\n<table style=\"height: 486px; border: hidden;\" width=\"699\">\n<tbody>\n<tr>\n<td style=\"width: 362.65px; border: hidden;\">&nbsp;<a href=\"http:\/\/asturiasacaballo.com\/en\/rutas-cortas\"><img loading=\"lazy\" decoding=\"async\" class=\"alignnone wp-image-168\" title=\"cottage in the mountain to sleep during our long trials\" src=\"http:\/\/asturiasacaballo.com\/wp-content\/uploads\/2017\/01\/rutaCorta-300x225.jpg\" alt=\"during our trial we can sleep in a cottage in the mountain\" width=\"297\" height=\"223\" srcset=\"https:\/\/asturiasacaballo.com\/wp-content\/uploads\/2017\/01\/rutaCorta-300x225.jpg 300w, https:\/\/asturiasacaballo.com\/wp-content\/uploads\/2017\/01\/rutaCorta-600x450.jpg 600w, https:\/\/asturiasacaballo.com\/wp-content\/uploads\/2017\/01\/rutaCorta-768x576.jpg 768w, https:\/\/asturiasacaballo.com\/wp-content\/uploads\/2017\/01\/rutaCorta-1024x768.jpg 1024w, https:\/\/asturiasacaballo.com\/wp-content\/uploads\/2017\/01\/rutaCorta-425x319.jpg 425w, https:\/\/asturiasacaballo.com\/wp-content\/uploads\/2017\/01\/rutaCorta.jpg 1888w\" sizes=\"auto, (max-width: 297px) 100vw, 297px\" \/><\/a><\/td>\n<td style=\"width: 363.85px; border: hidden;\">\n<p align=\"JUSTIFY\"><strong><a href=\"http:\/\/asturiasacaballo.com\/en\/rutas-cortas\">Short trails<\/a>:<\/strong>&nbsp;if you are a beginner, or you want to live adventures but you prefer to go back to sleep at home, we propose several short trails which are perfect for you.<\/p>\n<p align=\"JUSTIFY\"><a href=\"http:\/\/asturiasacaballo.com\/en\/rutas-cortas\">more info&#8230;<\/a><\/p>\n<p style=\"text-align: right;\" align=\"JUSTIFY\">&nbsp;<\/p>\n<\/td>\n<\/tr>\n<tr>\n<td style=\"width: 362.65px; border: hidden;\"><a href=\"http:\/\/asturiasacaballo.com\/en\/rutas-largas\"><img loading=\"lazy\" decoding=\"async\" class=\"alignnone wp-image-155\" title=\"camping during a two days trial\" src=\"http:\/\/asturiasacaballo.com\/wp-content\/uploads\/2017\/01\/1-300x169.jpg\" alt=\"we can also camp during our several days trials\" width=\"312\" height=\"176\" srcset=\"https:\/\/asturiasacaballo.com\/wp-content\/uploads\/2017\/01\/1-300x169.jpg 300w, https:\/\/asturiasacaballo.com\/wp-content\/uploads\/2017\/01\/1-600x338.jpg 600w, https:\/\/asturiasacaballo.com\/wp-content\/uploads\/2017\/01\/1-768x432.jpg 768w, https:\/\/asturiasacaballo.com\/wp-content\/uploads\/2017\/01\/1-1024x576.jpg 1024w, https:\/\/asturiasacaballo.com\/wp-content\/uploads\/2017\/01\/1-425x239.jpg 425w\" sizes=\"auto, (max-width: 312px) 100vw, 312px\" \/><\/a><\/td>\n<td style=\"width: 363.85px; border: hidden;\">\n<p align=\"JUSTIFY\"><strong><a href=\"http:\/\/asturiasacaballo.com\/en\/rutas-largas\">Long trails<\/a>:<\/strong>&nbsp;for more experienced jockeys, nature lovers, who really want to live an authentic experience far from civilization, we have conceived several day trails.<\/p>\n<p align=\"JUSTIFY\"><a href=\"http:\/\/asturiasacaballo.com\/en\/rutas-largas\">more info&#8230;<\/a><\/p>\n<\/td>\n<\/tr>\n<\/tbody>\n<\/table>\n<p>Stay informed about our trips in our <a href=\"https:\/\/www.facebook.com\/asturacaballo\/\">facebook page<\/a> and our instagram <a href=\"https:\/\/www.instagram.com\/asturacaballo\/\">@asturacaballo<\/a><\/p>\n<p>&nbsp;<\/p>\n","protected":false},"excerpt":{"rendered":"<p>If you are looking for trails in a horse in Asturias, you are in the right place! Geography We are located between the &#8220;concejos&#8221; of Corvera, Oviedo, Llanera and Las Regueras, but we can make ourselves available in any other location in Asturias if you require so. We propose trails in wild nature. One of &hellip; <\/p>\n<p class=\"link-more\"><a href=\"https:\/\/asturiasacaballo.com\/en\/nuestras-rutas\" class=\"more-link\">Continue reading<span class=\"screen-reader-text\"> &#8220;Our trails&#8221;<\/span><\/a><\/p>\n","protected":false},"author":1,"featured_media":0,"parent":0,"menu_order":0,"comment_status":"closed","ping_status":"closed","template":"","meta":{"ngg_post_thumbnail":0,"footnotes":""},"class_list":["post-73","page","type-page","status-publish","hentry"],"translation":{"provider":"WPGlobus","version":"2.7.6","language":"en","enabled_languages":["es","fr","en"],"languages":{"es":{"title":true,"content":true,"excerpt":false},"fr":{"title":true,"content":true,"excerpt":false},"en":{"title":true,"content":true,"excerpt":false}}},"yoast_head":"<!-- This site is optimized with the Yoast SEO plugin v16.5 - https:\/\/yoast.com\/wordpress\/plugins\/seo\/ -->\n<title>Our trails Our horse trips<\/title>\n<meta name=\"description\" content=\"%%primary_category%% Informaci\u00f3n sobre nuestras rutas, saber m\u00e1sm detalles sobre nuestras rutas conoce Asturias a trav\u00e9s de nuestros paseos a caballo\" \/>\n<meta name=\"robots\" content=\"index, follow, max-snippet:-1, max-image-preview:large, max-video-preview:-1\" \/>\n<link rel=\"canonical\" href=\"https:\/\/asturiasacaballo.com\/nuestras-rutas\" \/>\n<meta property=\"og:locale\" content=\"en_US\" \/>\n<meta property=\"og:type\" content=\"article\" \/>\n<meta property=\"og:title\" content=\"Our trails Our horse trips\" \/>\n<meta property=\"og:description\" content=\"%%primary_category%% Informaci\u00f3n sobre nuestras rutas, saber m\u00e1sm detalles sobre nuestras rutas conoce Asturias a trav\u00e9s de nuestros paseos a caballo\" \/>\n<meta property=\"og:url\" content=\"https:\/\/asturiasacaballo.com\/nuestras-rutas\" \/>\n<meta property=\"og:site_name\" content=\"Asturias by Horse\" \/>\n<meta property=\"article:publisher\" content=\"https:\/\/www.facebook.com\/asturiasacaballo\/\" \/>\n<meta property=\"article:modified_time\" content=\"2024-07-06T09:49:46+00:00\" \/>\n<meta property=\"og:image\" content=\"http:\/\/asturiasacaballo.com\/wp-content\/uploads\/2017\/01\/rutaCorta-300x225.jpg\" \/>\n<meta name=\"twitter:card\" content=\"summary\" \/>\n<meta name=\"twitter:label1\" content=\"Est. reading time\" \/>\n\t<meta name=\"twitter:data1\" content=\"2 minutes\" \/>\n<script type=\"application\/ld+json\" class=\"yoast-schema-graph\">{\"@context\":\"https:\/\/schema.org\",\"@graph\":[{\"@type\":\"Organization\",\"@id\":\"https:\/\/asturiasacaballo.com\/#organization\",\"name\":\"Asturias a caballo - Paseos y rutas a caballo por Asturias\",\"url\":\"https:\/\/asturiasacaballo.com\/\",\"sameAs\":[\"https:\/\/www.facebook.com\/asturiasacaballo\/\",\"https:\/\/www.instagram.com\/asturacaballo\/\"],\"logo\":{\"@type\":\"ImageObject\",\"@id\":\"https:\/\/asturiasacaballo.com\/#logo\",\"inLanguage\":\"en-US\",\"url\":\"https:\/\/asturiasacaballo.com\/wp-content\/uploads\/2018\/08\/logoAsturiasACaballo.jpg\",\"contentUrl\":\"https:\/\/asturiasacaballo.com\/wp-content\/uploads\/2018\/08\/logoAsturiasACaballo.jpg\",\"width\":454,\"height\":451,\"caption\":\"Asturias a caballo - Paseos y rutas a caballo por Asturias\"},\"image\":{\"@id\":\"https:\/\/asturiasacaballo.com\/#logo\"}},{\"@type\":\"WebSite\",\"@id\":\"https:\/\/asturiasacaballo.com\/#website\",\"url\":\"https:\/\/asturiasacaballo.com\/\",\"name\":\"Asturias a Caballo\",\"description\":\"Horse riding all over Asturias\",\"publisher\":{\"@id\":\"https:\/\/asturiasacaballo.com\/#organization\"},\"potentialAction\":[{\"@type\":\"SearchAction\",\"target\":\"https:\/\/asturiasacaballo.com\/?s={search_term_string}\",\"query-input\":\"required name=search_term_string\"}],\"inLanguage\":\"en-US\"},{\"@type\":\"ImageObject\",\"@id\":\"https:\/\/asturiasacaballo.com\/nuestras-rutas#primaryimage\",\"inLanguage\":\"en-US\",\"url\":\"http:\/\/asturiasacaballo.com\/wp-content\/uploads\/2017\/01\/rutaCorta-300x225.jpg\",\"contentUrl\":\"http:\/\/asturiasacaballo.com\/wp-content\/uploads\/2017\/01\/rutaCorta-300x225.jpg\"},{\"@type\":\"WebPage\",\"@id\":\"https:\/\/asturiasacaballo.com\/nuestras-rutas#webpage\",\"url\":\"https:\/\/asturiasacaballo.com\/nuestras-rutas\",\"name\":\"Our trails Our horse trips\",\"isPartOf\":{\"@id\":\"https:\/\/asturiasacaballo.com\/#website\"},\"primaryImageOfPage\":{\"@id\":\"https:\/\/asturiasacaballo.com\/nuestras-rutas#primaryimage\"},\"datePublished\":\"2017-01-29T14:11:45+00:00\",\"dateModified\":\"2024-07-06T09:49:46+00:00\",\"description\":\"Informaci\\u00f3n sobre nuestras rutas, saber m\\u00e1sm detalles sobre nuestras rutas conoce Asturias a trav\\u00e9s de nuestros paseos a caballo\",\"breadcrumb\":{\"@id\":\"https:\/\/asturiasacaballo.com\/nuestras-rutas#breadcrumb\"},\"inLanguage\":\"en-US\",\"potentialAction\":[{\"@type\":\"ReadAction\",\"target\":[\"https:\/\/asturiasacaballo.com\/nuestras-rutas\"]}]},{\"@type\":\"BreadcrumbList\",\"@id\":\"https:\/\/asturiasacaballo.com\/nuestras-rutas#breadcrumb\",\"itemListElement\":[{\"@type\":\"ListItem\",\"position\":1,\"name\":\"Portada\",\"item\":\"https:\/\/asturiasacaballo.com\/\"},{\"@type\":\"ListItem\",\"position\":2,\"name\":\"Nuestras rutas\"}]}]}<\/script>\n<!-- \/ Yoast SEO plugin. -->","_links":{"self":[{"href":"https:\/\/asturiasacaballo.com\/en\/wp-json\/wp\/v2\/pages\/73","targetHints":{"allow":["GET"]}}],"collection":[{"href":"https:\/\/asturiasacaballo.com\/en\/wp-json\/wp\/v2\/pages"}],"about":[{"href":"https:\/\/asturiasacaballo.com\/en\/wp-json\/wp\/v2\/types\/page"}],"author":[{"embeddable":true,"href":"https:\/\/asturiasacaballo.com\/en\/wp-json\/wp\/v2\/users\/1"}],"replies":[{"embeddable":true,"href":"https:\/\/asturiasacaballo.com\/en\/wp-json\/wp\/v2\/comments?post=73"}],"version-history":[{"count":62,"href":"https:\/\/asturiasacaballo.com\/en\/wp-json\/wp\/v2\/pages\/73\/revisions"}],"predecessor-version":[{"id":1218,"href":"https:\/\/asturiasacaballo.com\/en\/wp-json\/wp\/v2\/pages\/73\/revisions\/1218"}],"wp:attachment":[{"href":"https:\/\/asturiasacaballo.com\/en\/wp-json\/wp\/v2\/media?parent=73"}],"curies":[{"name":"wp","href":"https:\/\/api.w.org\/{rel}","templated":true}]}}