{"id":234,"date":"2018-02-19T20:10:45","date_gmt":"2018-02-19T20:10:45","guid":{"rendered":"http:\/\/asturiasacaballo.com\/?page_id=234"},"modified":"2025-09-10T09:12:53","modified_gmt":"2025-09-10T09:12:53","slug":"nuestros-precios","status":"publish","type":"page","link":"https:\/\/asturiasacaballo.com\/fr\/nuestros-precios","title":{"rendered":"Nos tarifs"},"content":{"rendered":"\n<p><\/p>\n\n\n<h2>\u00bfQuel est le budget n\u00e9cessaire pour partir en balade avec Asturies \u00e0 cheval?<\/h2>\n<p>Vous pouvez consulter sur cette page nos tarifs de chaque type de balade selon sa dur\u00e9e.<\/p>\n<p>Nous avons con\u00e7u ces types de balade pour nous adapter \u00e0 tout genre de cavaliers et cavali\u00e8res: c&#8217;est \u00e0 dire, d\u00e8s les d\u00e9butants qui veulent passer un moment en compagnie de ces magnifiques animaux et rentrer en contact avec la nature; jusqu&#8217;aux cavaliers et cavali\u00e8res plus habitu\u00e9s au monde des chevaux; qui veulent vivre une plus intense exp\u00e9rience consistant \u00e0 passer une journ\u00e9e compl\u00e8te ou plusieurs jours \u00e0 cheval parcourant les montagnes asturiennes.<\/p>\n<p>Si vous faites le choix d&#8217;une balade courte, vous pourrez choisir la matin\u00e9e ou l&#8217;apr\u00e8s-midi pour la faire. Ainsi, nous ferons de notre mieux pour nous adapter \u00e0 vos horaires et besoins.<\/p>\n<p>Si vous voulez faire une balade sp\u00e9ciale de plusieurs jours, nous sommes pr\u00eats \u00e0 \u00e9couter vos souhaits et \u00e0 vous proposer une balade qui s&#8217;adapte parfaitement \u00e0 ce que vous avez en t\u00eate. C&#8217;est-\u00e0-dire; les possibilit\u00e9s sont tr\u00e8s vari\u00e9es en fonction du nombre de personnes qui forment votre groupe, du temps dont vous pouvez disposer et de vos pr\u00e9f\u00e9rences quant \u00e0 l&#8217;itin\u00e9raire de la balade.<\/p>\n<p>Si vous avez le moindre doute sur nos options, n&#8217;h\u00e9sitez pas \u00e0 nous appeler. Evidemment, nous serons ravis de discuter avec vous, vous expliquer toutes les options que nous proposons, ainsi qu&#8217;\u00e9couter vos id\u00e9es pour pr\u00e9parer la balade qui s&#8217;adapte le mieux \u00e0 vos besoins et celles de vos amis et partenaires d&#8217;aventures.&nbsp;<\/p>\n<p>Ci-dessous on indique les prix par personne pour de groupes d&#8217;au moins deux personnes id\u00e9alement. Cependant, si vous avez des besoins diff\u00e9rents sur cet aspect, n&#8217;h\u00e9sitez pas \u00e0 nous appeler pour en discuter.<\/p>\n<p>Notre objectif est de transmettre notre passion pour les chevaux et donner l&#8217;oportunit\u00e9 de profiter des exp\u00e9riences avec es animaux comme nous aimons le faire.<\/p>\n<h2>Tarifs pour chaque type de balade&nbsp;<\/h2>\n<h3 style=\"text-align: left;\" align=\"JUSTIFY\"><a href=\"https:\/\/asturiasacaballo.com\/fr\/rutas-cortas\">&nbsp;Balade de 2 heures<\/a>&nbsp; :&nbsp; 40 \u20ac *<\/h3>\n<hr>\n<h3 align=\"JUSTIFY\"><a href=\"https:\/\/asturiasacaballo.com\/fr\/rutas-cortas\">Balade de 4 heures<\/a>&nbsp; :&nbsp; 69 \u20ac *<\/h3>\n<hr>\n<h3 align=\"JUSTIFY\"><a href=\"https:\/\/asturiasacaballo.com\/fr\/rutas-cortas\">Balade de journ\u00e9e compl\u00e8te<\/a> : 104 \u20ac *<\/h3>\n<hr>\n<h3 align=\"JUSTIFY\"><a href=\"https:\/\/asturiasacaballo.com\/fr\/rutas-largas\">Balades sp\u00e9ciales<\/a> : A n\u00e9gocier<\/h3>\n<h3 style=\"text-align: right;\" align=\"JUSTIFY\">*prix par personne<\/h3>\n<h3 style=\"text-align: right;\" align=\"JUSTIFY\">Pour r\u00e9server ta balade, envoie-nous un message WhatsApp: &nbsp;(+34) 647 52 12 94<\/h3>\n<h3 style=\"text-align: right;\" align=\"JUSTIFY\"><span style=\"font-size: inherit;\">Visite notre <\/span><a style=\"font-size: inherit;\" href=\"https:\/\/www.facebook.com\/asturacaballo\/\">page facebook<\/a><span style=\"font-size: inherit;\"> et notre instagram pour plus <\/span><a style=\"font-size: inherit;\" href=\"https:\/\/www.instagram.com\/asturacaballo\/\">@asturacaballo<\/a><span style=\"font-size: inherit;\"> d&#8217;informations<\/span><\/h3>","protected":false},"excerpt":{"rendered":"<p>\u00bfQuel est le budget n\u00e9cessaire pour partir en balade avec Asturies \u00e0 cheval? Vous pouvez consulter sur cette page nos tarifs de chaque type de balade selon sa dur\u00e9e. Nous avons con\u00e7u ces types de balade pour nous adapter \u00e0 tout genre de cavaliers et cavali\u00e8res: c&#8217;est \u00e0 dire, d\u00e8s les d\u00e9butants qui veulent passer &hellip; <\/p>\n<p class=\"link-more\"><a href=\"https:\/\/asturiasacaballo.com\/fr\/nuestros-precios\" class=\"more-link\">Continuer la lecture<span class=\"screen-reader-text\"> de &laquo;&nbsp;Nos tarifs&nbsp;&raquo;<\/span><\/a><\/p>\n","protected":false},"author":1,"featured_media":0,"parent":0,"menu_order":0,"comment_status":"closed","ping_status":"closed","template":"","meta":{"ngg_post_thumbnail":0,"footnotes":""},"class_list":["post-234","page","type-page","status-publish","hentry"],"translation":{"provider":"WPGlobus","version":"2.7.6","language":"fr","enabled_languages":["es","fr","en"],"languages":{"es":{"title":true,"content":true,"excerpt":false},"fr":{"title":true,"content":true,"excerpt":false},"en":{"title":true,"content":true,"excerpt":false}}},"yoast_head":"<!-- This site is optimized with the Yoast SEO plugin v16.5 - https:\/\/yoast.com\/wordpress\/plugins\/seo\/ -->\n<title>precios excursiones a caballo, precio ruta a caballo, precios paseo a caballo<\/title>\n<meta name=\"robots\" content=\"index, follow, max-snippet:-1, max-image-preview:large, max-video-preview:-1\" \/>\n<link rel=\"canonical\" href=\"https:\/\/asturiasacaballo.com\/nuestros-precios\" \/>\n<meta property=\"og:locale\" content=\"fr_FR\" \/>\n<meta property=\"og:type\" content=\"article\" \/>\n<meta property=\"og:title\" content=\"Nos tarifs Nuestros precios\" \/>\n<meta property=\"og:url\" content=\"https:\/\/asturiasacaballo.com\/nuestros-precios\" \/>\n<meta property=\"og:site_name\" content=\"Les Asturies \u00e0 Cheval\" \/>\n<meta property=\"article:publisher\" content=\"https:\/\/www.facebook.com\/asturiasacaballo\/\" \/>\n<meta property=\"article:modified_time\" content=\"2025-09-10T09:12:53+00:00\" \/>\n<meta name=\"twitter:card\" content=\"summary\" \/>\n<meta name=\"twitter:label1\" content=\"Dur\u00e9e de lecture est.\" \/>\n\t<meta name=\"twitter:data1\" content=\"1 minute\" \/>\n<script type=\"application\/ld+json\" class=\"yoast-schema-graph\">{\"@context\":\"https:\/\/schema.org\",\"@graph\":[{\"@type\":\"Organization\",\"@id\":\"https:\/\/asturiasacaballo.com\/#organization\",\"name\":\"Asturias a caballo - Paseos y rutas a caballo por Asturias\",\"url\":\"https:\/\/asturiasacaballo.com\/\",\"sameAs\":[\"https:\/\/www.facebook.com\/asturiasacaballo\/\",\"https:\/\/www.instagram.com\/asturacaballo\/\"],\"logo\":{\"@type\":\"ImageObject\",\"@id\":\"https:\/\/asturiasacaballo.com\/#logo\",\"inLanguage\":\"fr-FR\",\"url\":\"https:\/\/asturiasacaballo.com\/wp-content\/uploads\/2018\/08\/logoAsturiasACaballo.jpg\",\"contentUrl\":\"https:\/\/asturiasacaballo.com\/wp-content\/uploads\/2018\/08\/logoAsturiasACaballo.jpg\",\"width\":454,\"height\":451,\"caption\":\"Asturias a caballo - Paseos y rutas a caballo por Asturias\"},\"image\":{\"@id\":\"https:\/\/asturiasacaballo.com\/#logo\"}},{\"@type\":\"WebSite\",\"@id\":\"https:\/\/asturiasacaballo.com\/#website\",\"url\":\"https:\/\/asturiasacaballo.com\/\",\"name\":\"Asturias a Caballo\",\"description\":\"Balades \\u00e0 cheval aux Asturies\",\"publisher\":{\"@id\":\"https:\/\/asturiasacaballo.com\/#organization\"},\"potentialAction\":[{\"@type\":\"SearchAction\",\"target\":\"https:\/\/asturiasacaballo.com\/?s={search_term_string}\",\"query-input\":\"required name=search_term_string\"}],\"inLanguage\":\"fr-FR\"},{\"@type\":\"WebPage\",\"@id\":\"https:\/\/asturiasacaballo.com\/nuestros-precios#webpage\",\"url\":\"https:\/\/asturiasacaballo.com\/nuestros-precios\",\"name\":\"Nos tarifs Nuestros precios\",\"isPartOf\":{\"@id\":\"https:\/\/asturiasacaballo.com\/#website\"},\"datePublished\":\"2018-02-19T20:10:45+00:00\",\"dateModified\":\"2025-09-10T09:12:53+00:00\",\"description\":\"Our prices, informations about our offers, know better about our trails\",\"breadcrumb\":{\"@id\":\"https:\/\/asturiasacaballo.com\/nuestros-precios#breadcrumb\"},\"inLanguage\":\"fr-FR\",\"potentialAction\":[{\"@type\":\"ReadAction\",\"target\":[\"https:\/\/asturiasacaballo.com\/nuestros-precios\"]}]},{\"@type\":\"BreadcrumbList\",\"@id\":\"https:\/\/asturiasacaballo.com\/nuestros-precios#breadcrumb\",\"itemListElement\":[{\"@type\":\"ListItem\",\"position\":1,\"name\":\"Portada\",\"item\":\"https:\/\/asturiasacaballo.com\/\"},{\"@type\":\"ListItem\",\"position\":2,\"name\":\"Nuestros precios\"}]}]}<\/script>\n<!-- \/ Yoast SEO plugin. -->","_links":{"self":[{"href":"https:\/\/asturiasacaballo.com\/fr\/wp-json\/wp\/v2\/pages\/234","targetHints":{"allow":["GET"]}}],"collection":[{"href":"https:\/\/asturiasacaballo.com\/fr\/wp-json\/wp\/v2\/pages"}],"about":[{"href":"https:\/\/asturiasacaballo.com\/fr\/wp-json\/wp\/v2\/types\/page"}],"author":[{"embeddable":true,"href":"https:\/\/asturiasacaballo.com\/fr\/wp-json\/wp\/v2\/users\/1"}],"replies":[{"embeddable":true,"href":"https:\/\/asturiasacaballo.com\/fr\/wp-json\/wp\/v2\/comments?post=234"}],"version-history":[{"count":123,"href":"https:\/\/asturiasacaballo.com\/fr\/wp-json\/wp\/v2\/pages\/234\/revisions"}],"predecessor-version":[{"id":1232,"href":"https:\/\/asturiasacaballo.com\/fr\/wp-json\/wp\/v2\/pages\/234\/revisions\/1232"}],"wp:attachment":[{"href":"https:\/\/asturiasacaballo.com\/fr\/wp-json\/wp\/v2\/media?parent=234"}],"curies":[{"name":"wp","href":"https:\/\/api.w.org\/{rel}","templated":true}]}}