{"id":260,"date":"2018-02-19T21:19:45","date_gmt":"2018-02-19T21:19:45","guid":{"rendered":"http:\/\/asturiasacaballo.com\/?page_id=260"},"modified":"2024-07-06T09:54:19","modified_gmt":"2024-07-06T09:54:19","slug":"asturias-a-caballo","status":"publish","type":"page","link":"https:\/\/asturiasacaballo.com\/fr\/","title":{"rendered":"Asturias a caballo"},"content":{"rendered":"<p>&nbsp;<\/p>\n<h2>Viens avec nous en balade \u00e0 cheval!<\/h2>\n<table style=\"height: 261px; border: hidden;\" width=\"898\">\n<tbody>\n<tr>\n<td style=\"width: 441px; border: hidden;\"><img loading=\"lazy\" decoding=\"async\" class=\"alignnone wp-image-207 size-medium\" title=\"petite pause pour admirer le paysage\" src=\"https:\/\/asturiasacaballo.com\/wp-content\/uploads\/2017\/01\/caye_delao-300x225.jpg\" alt=\"on profite de la vue pendant la pause\" width=\"300\" height=\"225\" srcset=\"https:\/\/asturiasacaballo.com\/wp-content\/uploads\/2017\/01\/caye_delao-300x225.jpg 300w, https:\/\/asturiasacaballo.com\/wp-content\/uploads\/2017\/01\/caye_delao-600x450.jpg 600w, https:\/\/asturiasacaballo.com\/wp-content\/uploads\/2017\/01\/caye_delao-768x576.jpg 768w, https:\/\/asturiasacaballo.com\/wp-content\/uploads\/2017\/01\/caye_delao-425x319.jpg 425w, https:\/\/asturiasacaballo.com\/wp-content\/uploads\/2017\/01\/caye_delao.jpg 960w\" sizes=\"auto, (max-width: 300px) 100vw, 300px\" \/><\/td>\n<td style=\"width: 441px; text-align: left; border: hidden;\">\n<p align=\"JUSTIFY\">&nbsp;<\/p>\n<p>&nbsp;<\/p>\n<p align=\"JUSTIFY\">Caye est un passionn\u00e9 des chevaux depuis ses 7 ans, lorsque notre grand-p\u00e8re nous a offert la premi\u00e8re jument qu&#8217;il a amen\u00e9e de son village. Depuis, sa passion n&#8217;a fait qu&#8217;augmenter.<\/p>\n<p align=\"JUSTIFY\">Excellent jockey, il est \u00e9galement expert en dressage naturel. Il dresse donc lui-m\u00eame ses chevaux, \u00e9tablissant ainsi une relation de confiance mutuelle avec chaque animal.<\/p>\n<p align=\"JUSTIFY\">C&#8217;est pourquoi nous vous proposons nos services pour faire des balades \u00e0 cheval aux Asturies, la meilleure fa\u00e7on de d\u00e9couvrir notre region!<\/p>\n<\/td>\n<\/tr>\n<tr>\n<td style=\"width: 441px; border: hidden;\"><a href=\"https:\/\/asturiasacaballo.com\/nuestros-caballos\"><img loading=\"lazy\" decoding=\"async\" class=\"alignnone wp-image-119 size-medium\" title=\"nager avec les chevaux dans le lac\" src=\"https:\/\/asturiasacaballo.com\/wp-content\/uploads\/2017\/01\/losCaballos-300x225.jpg\" alt=\"on prend un bain dans le lac avec les chevaux on profite de l'eau froide pour se rafra\u00eechir\" width=\"300\" height=\"225\" srcset=\"https:\/\/asturiasacaballo.com\/wp-content\/uploads\/2017\/01\/losCaballos-300x225.jpg 300w, https:\/\/asturiasacaballo.com\/wp-content\/uploads\/2017\/01\/losCaballos-600x450.jpg 600w, https:\/\/asturiasacaballo.com\/wp-content\/uploads\/2017\/01\/losCaballos-768x576.jpg 768w, https:\/\/asturiasacaballo.com\/wp-content\/uploads\/2017\/01\/losCaballos-1024x768.jpg 1024w, https:\/\/asturiasacaballo.com\/wp-content\/uploads\/2017\/01\/losCaballos-425x319.jpg 425w, https:\/\/asturiasacaballo.com\/wp-content\/uploads\/2017\/01\/losCaballos.jpg 1536w\" sizes=\"auto, (max-width: 300px) 100vw, 300px\" \/><\/a><\/td>\n<td style=\"width: 441px; border: hidden;\">Veux-tu conna\u00eetre mieux nos chevaux?&nbsp;&nbsp;&nbsp;&nbsp;&nbsp;&nbsp;&nbsp;&nbsp;&nbsp;&nbsp;&nbsp;&nbsp;&nbsp;&nbsp;&nbsp;&nbsp;<\/p>\n<p><a href=\"https:\/\/asturiasacaballo.com\/fr\/nuestros-caballos\">Nos chevaux<\/a><\/td>\n<\/tr>\n<tr>\n<td style=\"width: 441px; border: hidden;\">&nbsp;<a href=\"https:\/\/asturiasacaballo.com\/nuestras-rutas\"><img loading=\"lazy\" decoding=\"async\" class=\"alignnone wp-image-246 size-medium\" title=\"balade \u00e0 cheval dans le bois\" src=\"https:\/\/asturiasacaballo.com\/wp-content\/uploads\/2018\/02\/bosque-300x225.jpg\" alt=\"promenade en for\u00e8t avec les chevaux \u00e0 l'ombre des arbres\" width=\"300\" height=\"225\" srcset=\"https:\/\/asturiasacaballo.com\/wp-content\/uploads\/2018\/02\/bosque-300x225.jpg 300w, https:\/\/asturiasacaballo.com\/wp-content\/uploads\/2018\/02\/bosque-600x450.jpg 600w, https:\/\/asturiasacaballo.com\/wp-content\/uploads\/2018\/02\/bosque-768x576.jpg 768w, https:\/\/asturiasacaballo.com\/wp-content\/uploads\/2018\/02\/bosque-425x319.jpg 425w, https:\/\/asturiasacaballo.com\/wp-content\/uploads\/2018\/02\/bosque.jpg 960w\" sizes=\"auto, (max-width: 300px) 100vw, 300px\" \/><\/a><\/td>\n<td style=\"width: 441px; border: hidden;\">Pour avoir toutes les informations sur nos balades:&nbsp;&nbsp;&nbsp;&nbsp;&nbsp;&nbsp;&nbsp;&nbsp;&nbsp;&nbsp;&nbsp;&nbsp;&nbsp;&nbsp;<\/p>\n<p>&nbsp;<a href=\"https:\/\/asturiasacaballo.com\/fr\/nuestras-rutas\">Nos balades<\/a><\/td>\n<\/tr>\n<\/tbody>\n<\/table>\n<p style=\"text-align: center;\">Rendez-vous sur notre&nbsp; <a href=\"https:\/\/www.facebook.com\/asturacaballo\">page facebook<\/a> et sur instagram: <a href=\"https:\/\/www.instagram.com\/asturacaballo\/\">@asturacaballo<\/a><\/p>\n<p style=\"text-align: center;\">&nbsp;<\/p>\n","protected":false},"excerpt":{"rendered":"<p>&nbsp; Viens avec nous en balade \u00e0 cheval! &nbsp; &nbsp; Caye est un passionn\u00e9 des chevaux depuis ses 7 ans, lorsque notre grand-p\u00e8re nous a offert la premi\u00e8re jument qu&#8217;il a amen\u00e9e de son village. Depuis, sa passion n&#8217;a fait qu&#8217;augmenter. Excellent jockey, il est \u00e9galement expert en dressage naturel. Il dresse donc lui-m\u00eame ses &hellip; <\/p>\n<p class=\"link-more\"><a href=\"https:\/\/asturiasacaballo.com\/fr\/\" class=\"more-link\">Continuer la lecture<span class=\"screen-reader-text\"> de &laquo;&nbsp;Asturias a caballo&nbsp;&raquo;<\/span><\/a><\/p>\n","protected":false},"author":1,"featured_media":0,"parent":0,"menu_order":0,"comment_status":"closed","ping_status":"closed","template":"","meta":{"ngg_post_thumbnail":0,"footnotes":""},"class_list":["post-260","page","type-page","status-publish","hentry"],"translation":{"provider":"WPGlobus","version":"2.7.6","language":"fr","enabled_languages":["es","fr","en"],"languages":{"es":{"title":true,"content":true,"excerpt":false},"fr":{"title":false,"content":true,"excerpt":false},"en":{"title":false,"content":true,"excerpt":false}}},"yoast_head":"<!-- This site is optimized with the Yoast SEO plugin v16.5 - https:\/\/yoast.com\/wordpress\/plugins\/seo\/ -->\n<title>Les Asturies a cheval balades \u00e0 cheval aux Asturies<\/title>\n<meta name=\"robots\" content=\"index, follow, max-snippet:-1, max-image-preview:large, max-video-preview:-1\" \/>\n<link rel=\"canonical\" href=\"https:\/\/asturiasacaballo.com\/\" \/>\n<meta property=\"og:locale\" content=\"fr_FR\" \/>\n<meta property=\"og:type\" content=\"article\" \/>\n<meta property=\"og:title\" content=\"Asturias by horse horse riding in Asturias\" \/>\n<meta property=\"og:url\" content=\"https:\/\/asturiasacaballo.com\/\" \/>\n<meta property=\"og:site_name\" content=\"Les Asturies \u00e0 Cheval\" \/>\n<meta property=\"article:publisher\" content=\"https:\/\/www.facebook.com\/asturiasacaballo\/\" \/>\n<meta property=\"article:modified_time\" content=\"2024-07-06T09:54:19+00:00\" \/>\n<meta property=\"og:image\" content=\"https:\/\/asturiasacaballo.com\/wp-content\/uploads\/2017\/01\/caye_delao-300x225.jpg\" \/>\n<meta name=\"twitter:card\" content=\"summary\" \/>\n<meta name=\"twitter:label1\" content=\"Dur\u00e9e de lecture est.\" \/>\n\t<meta name=\"twitter:data1\" content=\"2 minutes\" \/>\n<script type=\"application\/ld+json\" class=\"yoast-schema-graph\">{\"@context\":\"https:\/\/schema.org\",\"@graph\":[{\"@type\":\"Organization\",\"@id\":\"https:\/\/asturiasacaballo.com\/#organization\",\"name\":\"Asturias a caballo - Paseos y rutas a caballo por Asturias\",\"url\":\"https:\/\/asturiasacaballo.com\/\",\"sameAs\":[\"https:\/\/www.facebook.com\/asturiasacaballo\/\",\"https:\/\/www.instagram.com\/asturacaballo\/\"],\"logo\":{\"@type\":\"ImageObject\",\"@id\":\"https:\/\/asturiasacaballo.com\/#logo\",\"inLanguage\":\"fr-FR\",\"url\":\"https:\/\/asturiasacaballo.com\/wp-content\/uploads\/2018\/08\/logoAsturiasACaballo.jpg\",\"contentUrl\":\"https:\/\/asturiasacaballo.com\/wp-content\/uploads\/2018\/08\/logoAsturiasACaballo.jpg\",\"width\":454,\"height\":451,\"caption\":\"Asturias a caballo - Paseos y rutas a caballo por Asturias\"},\"image\":{\"@id\":\"https:\/\/asturiasacaballo.com\/#logo\"}},{\"@type\":\"WebSite\",\"@id\":\"https:\/\/asturiasacaballo.com\/#website\",\"url\":\"https:\/\/asturiasacaballo.com\/\",\"name\":\"Asturias a Caballo\",\"description\":\"Balades \\u00e0 cheval aux Asturies\",\"publisher\":{\"@id\":\"https:\/\/asturiasacaballo.com\/#organization\"},\"potentialAction\":[{\"@type\":\"SearchAction\",\"target\":\"https:\/\/asturiasacaballo.com\/?s={search_term_string}\",\"query-input\":\"required name=search_term_string\"}],\"inLanguage\":\"fr-FR\"},{\"@type\":\"ImageObject\",\"@id\":\"https:\/\/asturiasacaballo.com\/#primaryimage\",\"inLanguage\":\"fr-FR\",\"url\":\"https:\/\/asturiasacaballo.com\/wp-content\/uploads\/2017\/01\/caye_delao.jpg\",\"contentUrl\":\"https:\/\/asturiasacaballo.com\/wp-content\/uploads\/2017\/01\/caye_delao.jpg\",\"width\":960,\"height\":720},{\"@type\":\"WebPage\",\"@id\":\"https:\/\/asturiasacaballo.com\/#webpage\",\"url\":\"https:\/\/asturiasacaballo.com\/\",\"name\":\"Asturias by horse horse riding in Asturias\",\"isPartOf\":{\"@id\":\"https:\/\/asturiasacaballo.com\/#website\"},\"primaryImageOfPage\":{\"@id\":\"https:\/\/asturiasacaballo.com\/#primaryimage\"},\"datePublished\":\"2018-02-19T21:19:45+00:00\",\"dateModified\":\"2024-07-06T09:54:19+00:00\",\"description\":\"Rutas a caballo por Asturias excursiones a caballo paseos a caballo Asturias\",\"breadcrumb\":{\"@id\":\"https:\/\/asturiasacaballo.com\/#breadcrumb\"},\"inLanguage\":\"fr-FR\",\"potentialAction\":[{\"@type\":\"ReadAction\",\"target\":[\"https:\/\/asturiasacaballo.com\/\"]}]},{\"@type\":\"BreadcrumbList\",\"@id\":\"https:\/\/asturiasacaballo.com\/#breadcrumb\",\"itemListElement\":[{\"@type\":\"ListItem\",\"position\":1,\"name\":\"Portada\",\"item\":\"https:\/\/asturiasacaballo.com\/\"},{\"@type\":\"ListItem\",\"position\":2,\"name\":\"Asturias a caballo\"}]}]}<\/script>\n<!-- \/ Yoast SEO plugin. -->","_links":{"self":[{"href":"https:\/\/asturiasacaballo.com\/fr\/wp-json\/wp\/v2\/pages\/260","targetHints":{"allow":["GET"]}}],"collection":[{"href":"https:\/\/asturiasacaballo.com\/fr\/wp-json\/wp\/v2\/pages"}],"about":[{"href":"https:\/\/asturiasacaballo.com\/fr\/wp-json\/wp\/v2\/types\/page"}],"author":[{"embeddable":true,"href":"https:\/\/asturiasacaballo.com\/fr\/wp-json\/wp\/v2\/users\/1"}],"replies":[{"embeddable":true,"href":"https:\/\/asturiasacaballo.com\/fr\/wp-json\/wp\/v2\/comments?post=260"}],"version-history":[{"count":88,"href":"https:\/\/asturiasacaballo.com\/fr\/wp-json\/wp\/v2\/pages\/260\/revisions"}],"predecessor-version":[{"id":1226,"href":"https:\/\/asturiasacaballo.com\/fr\/wp-json\/wp\/v2\/pages\/260\/revisions\/1226"}],"wp:attachment":[{"href":"https:\/\/asturiasacaballo.com\/fr\/wp-json\/wp\/v2\/media?parent=260"}],"curies":[{"name":"wp","href":"https:\/\/api.w.org\/{rel}","templated":true}]}}