{"id":73,"date":"2017-01-29T14:11:45","date_gmt":"2017-01-29T14:11:45","guid":{"rendered":"http:\/\/asturiasacaballo.com\/?page_id=73"},"modified":"2024-07-06T09:49:46","modified_gmt":"2024-07-06T09:49:46","slug":"nuestras-rutas","status":"publish","type":"page","link":"https:\/\/asturiasacaballo.com\/fr\/nuestras-rutas","title":{"rendered":"Nos balades"},"content":{"rendered":"<p>Si tu cherches des balades \u00e0 cheval aux Asturies, tu es au bon endroit!<\/p>\n<h2>G\u00e9ographie<\/h2>\n<p>La zone dans laquelle on se situe englobe les &#8220;concejos&#8221; de Corvera, Oviedo, Llanera et Las Regeras, m\u00eame si on peut pr\u00e9parer des balades dans n&#8217;importe quelle autre zone des Asturies, si vous le souhaitez.<\/p>\n<p align=\"JUSTIFY\">Nous vous baladerons en pleine nature. Une des avantages de la balade \u00e0 cheval, c&#8217;est qu&#8217;elle permet de parcourir facilement et confortablement des endroits int\u00e9ressants et pittoresques, qui peuvent ne pas \u00eatre accessibles \u00e0 pied.<\/p>\n<p align=\"JUSTIFY\">Nous avons con\u00e7u nos balades pour tout type de passionn\u00e9s de la nature: vous profiterez en m\u00eame temps des paysages et des chevaux. On essaiera de cr\u00e9er des groupes de 4 ou 5 personnes pour vous fournir la meilleure des exp\u00e9riences.<\/p>\n<p>&nbsp;<\/p>\n<h2>Equipement personnel<\/h2>\n<p>On vous conseille d&#8217;amener des v\u00eatements r\u00e9sistants, manges longues et pantalon. Les chaussures doivent \u00e9galement \u00eatre ressistants, \u00e7a peut \u00eatre des chaussures de sport, mais essayez d&#8217;\u00e9viter des bottes de montagne qui peuvent \u00eatre trop larges pour les \u00e9triers.<\/p>\n<p>Nous fournirons casque, gilet et jambi\u00e8res.<\/p>\n<p>Si vos mains sont d\u00e9licates, vous pouvez amener \u00e9galement des gants pour \u00e9viter le frottement avec les r\u00eanes.<\/p>\n<p>&nbsp;<\/p>\n<h2>Nos balades<\/h2>\n<p>&nbsp;<\/p>\n<table style=\"height: 486px; border: hidden;\" width=\"699\">\n<tbody>\n<tr>\n<td style=\"width: 362.65px; border: hidden;\">&nbsp;<a href=\"http:\/\/asturiasacaballo.com\/fr\/rutas-cortas\"><img loading=\"lazy\" decoding=\"async\" class=\"alignnone wp-image-168\" title=\"cabane dans la montagne o\u00f9 on peut dormir lors d'une balade de plusieurs jours\" src=\"http:\/\/asturiasacaballo.com\/wp-content\/uploads\/2017\/01\/rutaCorta-300x225.jpg\" alt=\"on peut dormir dans des cabanes dans la montagne pendant nos balades de plusieurs jours\" width=\"297\" height=\"223\" srcset=\"https:\/\/asturiasacaballo.com\/wp-content\/uploads\/2017\/01\/rutaCorta-300x225.jpg 300w, https:\/\/asturiasacaballo.com\/wp-content\/uploads\/2017\/01\/rutaCorta-600x450.jpg 600w, https:\/\/asturiasacaballo.com\/wp-content\/uploads\/2017\/01\/rutaCorta-768x576.jpg 768w, https:\/\/asturiasacaballo.com\/wp-content\/uploads\/2017\/01\/rutaCorta-1024x768.jpg 1024w, https:\/\/asturiasacaballo.com\/wp-content\/uploads\/2017\/01\/rutaCorta-425x319.jpg 425w, https:\/\/asturiasacaballo.com\/wp-content\/uploads\/2017\/01\/rutaCorta.jpg 1888w\" sizes=\"auto, (max-width: 297px) 100vw, 297px\" \/><\/a><\/td>\n<td style=\"width: 363.85px; border: hidden;\">\n<p align=\"JUSTIFY\"><strong><a href=\"http:\/\/asturiasacaballo.com\/fr\/rutas-cortas\">Balades courtes<\/a>:<\/strong>&nbsp;si tu es d\u00e9butant, si tu as envie d&#8217;aventure mais tu pr\u00e9f\u00e8res retourner dormir \u00e0 la maison, ou si tu n&#8217;as pas le temps de faire plus long, nous te proposons nos balades courtes, qui s&#8217;adaptent parfaitement \u00e0 toi.<\/p>\n<p align=\"JUSTIFY\"><a href=\"http:\/\/asturiasacaballo.com\/fr\/rutas-cortas\">plus d&#8217;infos&#8230;<\/a><\/p>\n<p style=\"text-align: right;\" align=\"JUSTIFY\">&nbsp;<\/p>\n<\/td>\n<\/tr>\n<tr>\n<td style=\"width: 362.65px; border: hidden;\"><a href=\"http:\/\/asturiasacaballo.com\/fr\/rutas-largas\"><img loading=\"lazy\" decoding=\"async\" class=\"alignnone wp-image-155\" title=\"camping en \u00e9t\u00e9 en montagne, lors d'une balade de deux jours\" src=\"http:\/\/asturiasacaballo.com\/wp-content\/uploads\/2017\/01\/1-300x169.jpg\" alt=\"une possibilit\u00e9 pour l'\u00e9t\u00e9 lors d'une balade de plusieurs jours est de camper dans la montagne\" width=\"312\" height=\"176\" srcset=\"https:\/\/asturiasacaballo.com\/wp-content\/uploads\/2017\/01\/1-300x169.jpg 300w, https:\/\/asturiasacaballo.com\/wp-content\/uploads\/2017\/01\/1-600x338.jpg 600w, https:\/\/asturiasacaballo.com\/wp-content\/uploads\/2017\/01\/1-768x432.jpg 768w, https:\/\/asturiasacaballo.com\/wp-content\/uploads\/2017\/01\/1-1024x576.jpg 1024w, https:\/\/asturiasacaballo.com\/wp-content\/uploads\/2017\/01\/1-425x239.jpg 425w\" sizes=\"auto, (max-width: 312px) 100vw, 312px\" \/><\/a><\/td>\n<td style=\"width: 363.85px; border: hidden;\">\n<p align=\"JUSTIFY\"><strong><a href=\"http:\/\/asturiasacaballo.com\/fr\/rutas-largas\">Balades longues<\/a>:<\/strong>&nbsp;pour des jockeys avec plus d&#8217;exp\u00e9rience, des pasionn\u00e9s de la nature at qui ont envie d&#8217;une exp\u00e9rience authentique loin de la civiliation, nous avons con\u00e7u des balades de plusieurs jours.<\/p>\n<p align=\"JUSTIFY\"><a href=\"http:\/\/asturiasacaballo.com\/fr\/rutas-largas\">plus d&#8217;infos&#8230;<\/a><\/p>\n<\/td>\n<\/tr>\n<\/tbody>\n<\/table>\n<p>&nbsp;<\/p>\n<p>Visite notre <a href=\"https:\/\/www.facebook.com\/asturacaballo\/\">page facebook<\/a> ou notre instagram <a href=\"https:\/\/www.instagram.com\/asturacaballo\/\">@asturacaballo<\/a> pour rester inform\u00e9 de nos balades&nbsp;<\/p>\n<p>&nbsp;<\/p>\n","protected":false},"excerpt":{"rendered":"<p>Si tu cherches des balades \u00e0 cheval aux Asturies, tu es au bon endroit! G\u00e9ographie La zone dans laquelle on se situe englobe les &#8220;concejos&#8221; de Corvera, Oviedo, Llanera et Las Regeras, m\u00eame si on peut pr\u00e9parer des balades dans n&#8217;importe quelle autre zone des Asturies, si vous le souhaitez. Nous vous baladerons en pleine &hellip; <\/p>\n<p class=\"link-more\"><a href=\"https:\/\/asturiasacaballo.com\/fr\/nuestras-rutas\" class=\"more-link\">Continuer la lecture<span class=\"screen-reader-text\"> de &laquo;&nbsp;Nos balades&nbsp;&raquo;<\/span><\/a><\/p>\n","protected":false},"author":1,"featured_media":0,"parent":0,"menu_order":0,"comment_status":"closed","ping_status":"closed","template":"","meta":{"ngg_post_thumbnail":0,"footnotes":""},"class_list":["post-73","page","type-page","status-publish","hentry"],"translation":{"provider":"WPGlobus","version":"2.7.6","language":"fr","enabled_languages":["es","fr","en"],"languages":{"es":{"title":true,"content":true,"excerpt":false},"fr":{"title":true,"content":true,"excerpt":false},"en":{"title":true,"content":true,"excerpt":false}}},"yoast_head":"<!-- This site is optimized with the Yoast SEO plugin v16.5 - https:\/\/yoast.com\/wordpress\/plugins\/seo\/ -->\n<title>Nos balades nos balades \u00e0 cheval<\/title>\n<meta name=\"robots\" content=\"index, follow, max-snippet:-1, max-image-preview:large, max-video-preview:-1\" \/>\n<link rel=\"canonical\" href=\"https:\/\/asturiasacaballo.com\/nuestras-rutas\" \/>\n<meta property=\"og:locale\" content=\"fr_FR\" \/>\n<meta property=\"og:type\" content=\"article\" \/>\n<meta property=\"og:title\" content=\"Nos balades Our horse trips\" \/>\n<meta property=\"og:url\" content=\"https:\/\/asturiasacaballo.com\/nuestras-rutas\" \/>\n<meta property=\"og:site_name\" content=\"Les Asturies \u00e0 Cheval\" \/>\n<meta property=\"article:publisher\" content=\"https:\/\/www.facebook.com\/asturiasacaballo\/\" \/>\n<meta property=\"article:modified_time\" content=\"2024-07-06T09:49:46+00:00\" \/>\n<meta property=\"og:image\" content=\"http:\/\/asturiasacaballo.com\/wp-content\/uploads\/2017\/01\/rutaCorta-300x225.jpg\" \/>\n<meta name=\"twitter:card\" content=\"summary\" \/>\n<meta name=\"twitter:label1\" content=\"Dur\u00e9e de lecture est.\" \/>\n\t<meta name=\"twitter:data1\" content=\"2 minutes\" \/>\n<script type=\"application\/ld+json\" class=\"yoast-schema-graph\">{\"@context\":\"https:\/\/schema.org\",\"@graph\":[{\"@type\":\"Organization\",\"@id\":\"https:\/\/asturiasacaballo.com\/#organization\",\"name\":\"Asturias a caballo - Paseos y rutas a caballo por Asturias\",\"url\":\"https:\/\/asturiasacaballo.com\/\",\"sameAs\":[\"https:\/\/www.facebook.com\/asturiasacaballo\/\",\"https:\/\/www.instagram.com\/asturacaballo\/\"],\"logo\":{\"@type\":\"ImageObject\",\"@id\":\"https:\/\/asturiasacaballo.com\/#logo\",\"inLanguage\":\"fr-FR\",\"url\":\"https:\/\/asturiasacaballo.com\/wp-content\/uploads\/2018\/08\/logoAsturiasACaballo.jpg\",\"contentUrl\":\"https:\/\/asturiasacaballo.com\/wp-content\/uploads\/2018\/08\/logoAsturiasACaballo.jpg\",\"width\":454,\"height\":451,\"caption\":\"Asturias a caballo - Paseos y rutas a caballo por Asturias\"},\"image\":{\"@id\":\"https:\/\/asturiasacaballo.com\/#logo\"}},{\"@type\":\"WebSite\",\"@id\":\"https:\/\/asturiasacaballo.com\/#website\",\"url\":\"https:\/\/asturiasacaballo.com\/\",\"name\":\"Asturias a Caballo\",\"description\":\"Balades \\u00e0 cheval aux Asturies\",\"publisher\":{\"@id\":\"https:\/\/asturiasacaballo.com\/#organization\"},\"potentialAction\":[{\"@type\":\"SearchAction\",\"target\":\"https:\/\/asturiasacaballo.com\/?s={search_term_string}\",\"query-input\":\"required name=search_term_string\"}],\"inLanguage\":\"fr-FR\"},{\"@type\":\"ImageObject\",\"@id\":\"https:\/\/asturiasacaballo.com\/nuestras-rutas#primaryimage\",\"inLanguage\":\"fr-FR\",\"url\":\"http:\/\/asturiasacaballo.com\/wp-content\/uploads\/2017\/01\/rutaCorta-300x225.jpg\",\"contentUrl\":\"http:\/\/asturiasacaballo.com\/wp-content\/uploads\/2017\/01\/rutaCorta-300x225.jpg\"},{\"@type\":\"WebPage\",\"@id\":\"https:\/\/asturiasacaballo.com\/nuestras-rutas#webpage\",\"url\":\"https:\/\/asturiasacaballo.com\/nuestras-rutas\",\"name\":\"Nos balades Our horse trips\",\"isPartOf\":{\"@id\":\"https:\/\/asturiasacaballo.com\/#website\"},\"primaryImageOfPage\":{\"@id\":\"https:\/\/asturiasacaballo.com\/nuestras-rutas#primaryimage\"},\"datePublished\":\"2017-01-29T14:11:45+00:00\",\"dateModified\":\"2024-07-06T09:49:46+00:00\",\"description\":\"Informaci\\u00f3n sobre nuestras rutas, saber m\\u00e1sm detalles sobre nuestras rutas conoce Asturias a trav\\u00e9s de nuestros paseos a caballo\",\"breadcrumb\":{\"@id\":\"https:\/\/asturiasacaballo.com\/nuestras-rutas#breadcrumb\"},\"inLanguage\":\"fr-FR\",\"potentialAction\":[{\"@type\":\"ReadAction\",\"target\":[\"https:\/\/asturiasacaballo.com\/nuestras-rutas\"]}]},{\"@type\":\"BreadcrumbList\",\"@id\":\"https:\/\/asturiasacaballo.com\/nuestras-rutas#breadcrumb\",\"itemListElement\":[{\"@type\":\"ListItem\",\"position\":1,\"name\":\"Portada\",\"item\":\"https:\/\/asturiasacaballo.com\/\"},{\"@type\":\"ListItem\",\"position\":2,\"name\":\"Nuestras rutas\"}]}]}<\/script>\n<!-- \/ Yoast SEO plugin. -->","_links":{"self":[{"href":"https:\/\/asturiasacaballo.com\/fr\/wp-json\/wp\/v2\/pages\/73","targetHints":{"allow":["GET"]}}],"collection":[{"href":"https:\/\/asturiasacaballo.com\/fr\/wp-json\/wp\/v2\/pages"}],"about":[{"href":"https:\/\/asturiasacaballo.com\/fr\/wp-json\/wp\/v2\/types\/page"}],"author":[{"embeddable":true,"href":"https:\/\/asturiasacaballo.com\/fr\/wp-json\/wp\/v2\/users\/1"}],"replies":[{"embeddable":true,"href":"https:\/\/asturiasacaballo.com\/fr\/wp-json\/wp\/v2\/comments?post=73"}],"version-history":[{"count":62,"href":"https:\/\/asturiasacaballo.com\/fr\/wp-json\/wp\/v2\/pages\/73\/revisions"}],"predecessor-version":[{"id":1218,"href":"https:\/\/asturiasacaballo.com\/fr\/wp-json\/wp\/v2\/pages\/73\/revisions\/1218"}],"wp:attachment":[{"href":"https:\/\/asturiasacaballo.com\/fr\/wp-json\/wp\/v2\/media?parent=73"}],"curies":[{"name":"wp","href":"https:\/\/api.w.org\/{rel}","templated":true}]}}