{"id":79,"date":"2017-01-29T14:16:03","date_gmt":"2017-01-29T14:16:03","guid":{"rendered":"http:\/\/asturiasacaballo.com\/?page_id=79"},"modified":"2024-07-06T09:54:38","modified_gmt":"2024-07-06T09:54:38","slug":"nuestros-caballos","status":"publish","type":"page","link":"https:\/\/asturiasacaballo.com\/fr\/nuestros-caballos","title":{"rendered":"Nos chevaux"},"content":{"rendered":"<p align=\"JUSTIFY\">Nos chevaux vivent toute l&#8217;ann\u00e9e \u00e0 l&#8217;ext\u00e9rieur, en semi-libert\u00e9. D\u00fb \u00e0 cela, ils pr\u00e9sentent des diff\u00e9rentes allures en fonction de la saison: leur poil est plus court et brillant en \u00e9t\u00e9, et plus laineux en hiver.&nbsp;<\/p>\n<p align=\"JUSTIFY\">On prend soin d&#8217;eux et on leur traite toute l&#8217;ann\u00e9e, et en m\u00eame temps on leur proportionne les conditions de vie le plus proches \u00e0 celles qu&#8217;ils auraient s&#8217;ils vivaient en libert\u00e9. Nous pratiquons un style de sport nature pour des gens nature.<\/p>\n<p align=\"JUSTIFY\">Le groupe de balade sera normalement form\u00e9 par 5 animaux; voici plus informations sur chacun de nos chevaux:<\/p>\n<p>&nbsp;<\/p>\n<table style=\"height: 815px; border: hidden;\" width=\"875\">\n<tbody>\n<tr style=\"height: 232px; border: hidden;\">\n<td style=\"width: 421px; height: 232px; border: hidden;\"><img loading=\"lazy\" decoding=\"async\" class=\"alignnone wp-image-484 size-medium\" src=\"http:\/\/asturiasacaballo.com\/wp-content\/uploads\/2018\/08\/hera_portrait-300x224.jpg\" alt=\"\" width=\"300\" height=\"224\" srcset=\"https:\/\/asturiasacaballo.com\/wp-content\/uploads\/2018\/08\/hera_portrait-300x224.jpg 300w, https:\/\/asturiasacaballo.com\/wp-content\/uploads\/2018\/08\/hera_portrait-768x573.jpg 768w, https:\/\/asturiasacaballo.com\/wp-content\/uploads\/2018\/08\/hera_portrait-1024x763.jpg 1024w, https:\/\/asturiasacaballo.com\/wp-content\/uploads\/2018\/08\/hera_portrait-830x619.jpg 830w, https:\/\/asturiasacaballo.com\/wp-content\/uploads\/2018\/08\/hera_portrait-230x171.jpg 230w, https:\/\/asturiasacaballo.com\/wp-content\/uploads\/2018\/08\/hera_portrait-350x261.jpg 350w, https:\/\/asturiasacaballo.com\/wp-content\/uploads\/2018\/08\/hera_portrait-480x358.jpg 480w, https:\/\/asturiasacaballo.com\/wp-content\/uploads\/2018\/08\/hera_portrait-600x447.jpg 600w, https:\/\/asturiasacaballo.com\/wp-content\/uploads\/2018\/08\/hera_portrait.jpg 1057w\" sizes=\"auto, (max-width: 300px) 100vw, 300px\" \/><\/td>\n<td style=\"width: 421px; height: 232px; border: hidden; text-align: center;\">\n<h2>Hera:<\/h2>\n<p>&nbsp;Hispano-arabe grise claire, elle a son caract\u00e8re, c&#8217;est une excellente monture pour des personnes qui savent utiliser le mord.<\/td>\n<\/tr>\n<tr style=\"height: 232px; border: hidden;\">\n<td style=\"width: 421px; height: 232px; border: hidden;\"><a href=\"https:\/\/asturiasacaballo.com\/nuestros-caballos\"><img loading=\"lazy\" decoding=\"async\" class=\"aligncenter wp-image-558 size-medium\" title=\"Bruma, la yegua alfa de nuestros caballos\" src=\"https:\/\/asturiasacaballo.com\/wp-content\/uploads\/2018\/09\/bruma-169x300.jpg\" alt=\"Bruma aparejada para salir de ruta, es la yegua dominante de nuestra manada, tiene un car\u00e1cter de leader\" width=\"169\" height=\"300\" srcset=\"https:\/\/asturiasacaballo.com\/wp-content\/uploads\/2018\/09\/bruma-169x300.jpg 169w, https:\/\/asturiasacaballo.com\/wp-content\/uploads\/2018\/09\/bruma-230x409.jpg 230w, https:\/\/asturiasacaballo.com\/wp-content\/uploads\/2018\/09\/bruma-350x622.jpg 350w, https:\/\/asturiasacaballo.com\/wp-content\/uploads\/2018\/09\/bruma-480x853.jpg 480w, https:\/\/asturiasacaballo.com\/wp-content\/uploads\/2018\/09\/bruma.jpg 540w\" sizes=\"auto, (max-width: 169px) 100vw, 169px\" \/><\/a><\/td>\n<td style=\"width: 421px; height: 232px; border: hidden; text-align: center;\">\n<h2>Bruma:<\/h2>\n<p>&nbsp; Pure race espagnole grise claire, elle a son temp\u00e9rament. C&#8217;est pour cela qu&#8217;il s&#8217;agit de la monture de notre guide Caye habituellement, m\u00eame si elle peut \u00eatre mont\u00e9e par des jockeys exp\u00e9riment\u00e9s et familiaris\u00e9s avec le mord.<\/td>\n<\/tr>\n<tr style=\"height: 232px; border: hidden;\">\n<td style=\"width: 421px; height: 232px; border: hidden;\"><img loading=\"lazy\" decoding=\"async\" class=\"size-medium wp-image-92\" src=\"http:\/\/asturiasacaballo.com\/wp-content\/uploads\/2017\/01\/eclipse-300x225.jpg\" alt=\"\" width=\"300\" height=\"225\" srcset=\"https:\/\/asturiasacaballo.com\/wp-content\/uploads\/2017\/01\/eclipse-300x225.jpg 300w, https:\/\/asturiasacaballo.com\/wp-content\/uploads\/2017\/01\/eclipse-600x450.jpg 600w, https:\/\/asturiasacaballo.com\/wp-content\/uploads\/2017\/01\/eclipse-768x576.jpg 768w, https:\/\/asturiasacaballo.com\/wp-content\/uploads\/2017\/01\/eclipse-1024x768.jpg 1024w, https:\/\/asturiasacaballo.com\/wp-content\/uploads\/2017\/01\/eclipse-425x319.jpg 425w, https:\/\/asturiasacaballo.com\/wp-content\/uploads\/2017\/01\/eclipse.jpg 1536w\" sizes=\"auto, (max-width: 300px) 100vw, 300px\" \/><\/td>\n<td style=\"width: 421px; height: 232px; border: hidden; text-align: center;\">\n<h2>Eclipse:<\/h2>\n<p>&nbsp;Cheval crois\u00e9 de robe noire, bon caract\u00e8re, tr\u00e8s noble. Il est id\u00e9al tant pour des jockeys exp\u00e9riment\u00e9s comme pour des d\u00e9butants.<\/td>\n<\/tr>\n<tr style=\"height: 232px; border: hidden;\">\n<td style=\"width: 421px; height: 232px; border: hidden;\"><img loading=\"lazy\" decoding=\"async\" class=\"alignnone size-medium wp-image-220\" src=\"http:\/\/asturiasacaballo.com\/wp-content\/uploads\/2017\/01\/bruma-300x206.jpg\" alt=\"\" width=\"300\" height=\"206\" srcset=\"https:\/\/asturiasacaballo.com\/wp-content\/uploads\/2017\/01\/bruma-300x206.jpg 300w, https:\/\/asturiasacaballo.com\/wp-content\/uploads\/2017\/01\/bruma-600x413.jpg 600w, https:\/\/asturiasacaballo.com\/wp-content\/uploads\/2017\/01\/bruma-768x529.jpg 768w, https:\/\/asturiasacaballo.com\/wp-content\/uploads\/2017\/01\/bruma-1024x705.jpg 1024w, https:\/\/asturiasacaballo.com\/wp-content\/uploads\/2017\/01\/bruma-425x293.jpg 425w, https:\/\/asturiasacaballo.com\/wp-content\/uploads\/2017\/01\/bruma.jpg 1081w\" sizes=\"auto, (max-width: 300px) 100vw, 300px\" \/><\/td>\n<td style=\"width: 421px; height: 232px; border: hidden; text-align: center;\">\n<h2>Jara:<\/h2>\n<p>Jument grise, pure race espagnole, avec un caract\u00e8re tranquille. Elle peut \u00eatre mont\u00e9e par tout type de jockey en toute confiance.<\/td>\n<\/tr>\n<tr style=\"height: 232px; border: hidden;\">\n<td style=\"width: 421px; height: 232px; border: hidden;\">&nbsp;<\/td>\n<td style=\"width: 421px; height: 232px; border: hidden; text-align: center;\">&nbsp;&nbsp;&nbsp;&nbsp;&nbsp;&nbsp;<\/p>\n<p>&nbsp;<\/td>\n<\/tr>\n<\/tbody>\n<\/table>\n<p>Maintenant que tu connais nos 5 camarades d&#8217;aventures, tu peux visiter notre chapitre <a href=\"https:\/\/asturiasacaballo.com\/fr\/nuestras-rutas\">nos balades<\/a> pour voir les options qu&#8217;on propose.<\/p>\n<p style=\"text-align: right;\">Si tu veux r\u00e9server une balade avec nous, \u00e9cris-nous par WhatsApp: (+34) 647 52 12 94<\/p>\n<p>Pour mieux conna\u00eetre nos chevaux, visite notre <a href=\"https:\/\/www.facebook.com\/asturacaballo\/\">page facebook<\/a> ou notre instagram <a href=\"https:\/\/www.instagram.com\/asturacaballo\/\">@asturacaballo<\/a>&nbsp;<\/p>\n","protected":false},"excerpt":{"rendered":"<p>Nos chevaux vivent toute l&#8217;ann\u00e9e \u00e0 l&#8217;ext\u00e9rieur, en semi-libert\u00e9. D\u00fb \u00e0 cela, ils pr\u00e9sentent des diff\u00e9rentes allures en fonction de la saison: leur poil est plus court et brillant en \u00e9t\u00e9, et plus laineux en hiver.&nbsp; On prend soin d&#8217;eux et on leur traite toute l&#8217;ann\u00e9e, et en m\u00eame temps on leur proportionne les conditions &hellip; <\/p>\n<p class=\"link-more\"><a href=\"https:\/\/asturiasacaballo.com\/fr\/nuestros-caballos\" class=\"more-link\">Continuer la lecture<span class=\"screen-reader-text\"> de &laquo;&nbsp;Nos chevaux&nbsp;&raquo;<\/span><\/a><\/p>\n","protected":false},"author":1,"featured_media":0,"parent":0,"menu_order":0,"comment_status":"closed","ping_status":"closed","template":"","meta":{"ngg_post_thumbnail":0,"footnotes":""},"class_list":["post-79","page","type-page","status-publish","hentry"],"translation":{"provider":"WPGlobus","version":"2.7.6","language":"fr","enabled_languages":["es","fr","en"],"languages":{"es":{"title":true,"content":true,"excerpt":false},"fr":{"title":true,"content":true,"excerpt":false},"en":{"title":true,"content":true,"excerpt":false}}},"yoast_head":"<!-- This site is optimized with the Yoast SEO plugin v16.5 - https:\/\/yoast.com\/wordpress\/plugins\/seo\/ -->\n<title>Nos chevaux nos chevaux<\/title>\n<meta name=\"robots\" content=\"index, follow, max-snippet:-1, max-image-preview:large, max-video-preview:-1\" \/>\n<link rel=\"canonical\" href=\"https:\/\/asturiasacaballo.com\/nuestros-caballos\" \/>\n<meta property=\"og:locale\" content=\"fr_FR\" \/>\n<meta property=\"og:type\" content=\"article\" \/>\n<meta property=\"og:title\" content=\"Nos chevaux nuestros caballos asturias a caballo\" \/>\n<meta property=\"og:url\" content=\"https:\/\/asturiasacaballo.com\/nuestros-caballos\" \/>\n<meta property=\"og:site_name\" content=\"Les Asturies \u00e0 Cheval\" \/>\n<meta property=\"article:publisher\" content=\"https:\/\/www.facebook.com\/asturiasacaballo\/\" \/>\n<meta property=\"article:modified_time\" content=\"2024-07-06T09:54:38+00:00\" \/>\n<meta property=\"og:image\" content=\"https:\/\/asturiasacaballo.com\/wp-content\/uploads\/2018\/08\/hera_portrait-300x224.jpg\" \/>\n<meta name=\"twitter:card\" content=\"summary\" \/>\n<meta name=\"twitter:label1\" content=\"Dur\u00e9e de lecture est.\" \/>\n\t<meta name=\"twitter:data1\" content=\"3 minutes\" \/>\n<script type=\"application\/ld+json\" class=\"yoast-schema-graph\">{\"@context\":\"https:\/\/schema.org\",\"@graph\":[{\"@type\":\"Organization\",\"@id\":\"https:\/\/asturiasacaballo.com\/#organization\",\"name\":\"Asturias a caballo - Paseos y rutas a caballo por Asturias\",\"url\":\"https:\/\/asturiasacaballo.com\/\",\"sameAs\":[\"https:\/\/www.facebook.com\/asturiasacaballo\/\",\"https:\/\/www.instagram.com\/asturacaballo\/\"],\"logo\":{\"@type\":\"ImageObject\",\"@id\":\"https:\/\/asturiasacaballo.com\/#logo\",\"inLanguage\":\"fr-FR\",\"url\":\"https:\/\/asturiasacaballo.com\/wp-content\/uploads\/2018\/08\/logoAsturiasACaballo.jpg\",\"contentUrl\":\"https:\/\/asturiasacaballo.com\/wp-content\/uploads\/2018\/08\/logoAsturiasACaballo.jpg\",\"width\":454,\"height\":451,\"caption\":\"Asturias a caballo - Paseos y rutas a caballo por Asturias\"},\"image\":{\"@id\":\"https:\/\/asturiasacaballo.com\/#logo\"}},{\"@type\":\"WebSite\",\"@id\":\"https:\/\/asturiasacaballo.com\/#website\",\"url\":\"https:\/\/asturiasacaballo.com\/\",\"name\":\"Asturias a Caballo\",\"description\":\"Balades \\u00e0 cheval aux Asturies\",\"publisher\":{\"@id\":\"https:\/\/asturiasacaballo.com\/#organization\"},\"potentialAction\":[{\"@type\":\"SearchAction\",\"target\":\"https:\/\/asturiasacaballo.com\/?s={search_term_string}\",\"query-input\":\"required name=search_term_string\"}],\"inLanguage\":\"fr-FR\"},{\"@type\":\"ImageObject\",\"@id\":\"https:\/\/asturiasacaballo.com\/nuestros-caballos#primaryimage\",\"inLanguage\":\"fr-FR\",\"url\":\"https:\/\/asturiasacaballo.com\/wp-content\/uploads\/2018\/08\/hera_portrait.jpg\",\"contentUrl\":\"https:\/\/asturiasacaballo.com\/wp-content\/uploads\/2018\/08\/hera_portrait.jpg\",\"width\":1057,\"height\":788},{\"@type\":\"WebPage\",\"@id\":\"https:\/\/asturiasacaballo.com\/nuestros-caballos#webpage\",\"url\":\"https:\/\/asturiasacaballo.com\/nuestros-caballos\",\"name\":\"Nos chevaux nuestros caballos asturias a caballo\",\"isPartOf\":{\"@id\":\"https:\/\/asturiasacaballo.com\/#website\"},\"primaryImageOfPage\":{\"@id\":\"https:\/\/asturiasacaballo.com\/nuestros-caballos#primaryimage\"},\"datePublished\":\"2017-01-29T14:16:03+00:00\",\"dateModified\":\"2024-07-06T09:54:38+00:00\",\"description\":\"informaciones sobre nuestros caballos, conoce nuestros animales, manada de cinco caballos: Hera, Jara, Bruma, Tutatis y Eclipse\",\"breadcrumb\":{\"@id\":\"https:\/\/asturiasacaballo.com\/nuestros-caballos#breadcrumb\"},\"inLanguage\":\"fr-FR\",\"potentialAction\":[{\"@type\":\"ReadAction\",\"target\":[\"https:\/\/asturiasacaballo.com\/nuestros-caballos\"]}]},{\"@type\":\"BreadcrumbList\",\"@id\":\"https:\/\/asturiasacaballo.com\/nuestros-caballos#breadcrumb\",\"itemListElement\":[{\"@type\":\"ListItem\",\"position\":1,\"name\":\"Portada\",\"item\":\"https:\/\/asturiasacaballo.com\/\"},{\"@type\":\"ListItem\",\"position\":2,\"name\":\"Nuestros caballos\"}]}]}<\/script>\n<!-- \/ Yoast SEO plugin. -->","_links":{"self":[{"href":"https:\/\/asturiasacaballo.com\/fr\/wp-json\/wp\/v2\/pages\/79","targetHints":{"allow":["GET"]}}],"collection":[{"href":"https:\/\/asturiasacaballo.com\/fr\/wp-json\/wp\/v2\/pages"}],"about":[{"href":"https:\/\/asturiasacaballo.com\/fr\/wp-json\/wp\/v2\/types\/page"}],"author":[{"embeddable":true,"href":"https:\/\/asturiasacaballo.com\/fr\/wp-json\/wp\/v2\/users\/1"}],"replies":[{"embeddable":true,"href":"https:\/\/asturiasacaballo.com\/fr\/wp-json\/wp\/v2\/comments?post=79"}],"version-history":[{"count":118,"href":"https:\/\/asturiasacaballo.com\/fr\/wp-json\/wp\/v2\/pages\/79\/revisions"}],"predecessor-version":[{"id":1221,"href":"https:\/\/asturiasacaballo.com\/fr\/wp-json\/wp\/v2\/pages\/79\/revisions\/1221"}],"wp:attachment":[{"href":"https:\/\/asturiasacaballo.com\/fr\/wp-json\/wp\/v2\/media?parent=79"}],"curies":[{"name":"wp","href":"https:\/\/api.w.org\/{rel}","templated":true}]}}