{"id":805,"date":"2020-02-16T17:00:53","date_gmt":"2020-02-16T17:00:53","guid":{"rendered":"https:\/\/asturiasacaballo.com\/?page_id=805"},"modified":"2023-12-19T09:09:25","modified_gmt":"2023-12-19T09:09:25","slug":"rutas-cortas","status":"publish","type":"page","link":"https:\/\/asturiasacaballo.com\/fr\/rutas-cortas","title":{"rendered":"Balades courtes"},"content":{"rendered":"\n<p><span class=\"has-inline-color has-vivid-red-color\"><strong>Information importante:<\/strong> <\/span>nos chevaux vivent en plein air, et ils ne sont pas toujours disponibles de fa\u00e7on imm\u00e9diate. C&#8217;est pourquoi il est n\u00e9cessaire de nous contacter par Whatsapp en avance si tu veux faire une balade avec nous.<\/p>\n\n\n\n<p>Pour r\u00e9server l&#8217;une de nos balades courtes, tu peux nous contacter par t\u00e9l\u00e9phone ou nous envoyer un message WhatsApp au (+34) 647 52 12 94<\/p>\n\n\n\n<p>Tu peux \u00e9galement visiter notre <a href=\"https:\/\/www.facebook.com\/asturiasacaballo\/\">page facebook<\/a>&nbsp;et notre instagram&nbsp;<a href=\"https:\/\/www.instagram.com\/asturacaballo\/\">@asturacaballo<\/a> pour de plus amples informations.<\/p>\n\n\n\n<h2 class=\"wp-block-heading\">Nos options en balades courtes<\/h2>\n\n\n\n<p>Si tu as envie de faire une courte balade, voici les options que nous te proposons:<\/p>\n\n\n\n<h2 class=\"wp-block-heading\">Balade de 2 heures<\/h2>\n\n\n\n<p>Balade standard: appropri\u00e9 si tu n&#8217;as pas beaucoup de temps ou tu n&#8217;es pas tr\u00e8s habitu\u00e9 \u00e0 monter \u00e0 cheval et tu veux commencer doucement, pour rentrer en contact avec l&#8217;animal et tu veux apprendre la base de l&#8217;\u00e9quitation. Nous traversons des chemins, bois, les rives du Nora&#8230; des endroits calmes pour profiter de la nature.<\/p>\n\n\n\n<h2 class=\"wp-block-heading\">Balade de 4 heures<\/h2>\n\n\n\n<p>Pour des personnes avec un peu plus d&#8217;exp\u00e9rience et forme physique, avec envie de passer un super moment \u00e0 dos de cheval. La balade durera toute la matin\u00e9e ou l&#8217;apr\u00e8s-midi. Nous pourrons monter sur le sommet du Naranco et profiter de la vue panoramique, ou rester par la zone moyenne et basse de la m\u00eame montagne, et parcourir les nombreux chemins qui la parcourent. Nous ferons de petites pauses \u00e0 pied si besoin pour \u00e9tirer les jambes, permettant \u00e9galement aux animaux de se reposer.<\/p>\n\n\n\n<h2 class=\"wp-block-heading\">Balade de journ\u00e9e enti\u00e8re<\/h2>\n\n\n\n<p>Lors de la balade de journ\u00e9e enti\u00e8re, nous passerons sur le cheval entre 6 et 8 heures. Il est possible d&#8217;amener sa propre nourriture pour faire pique nique ou pr\u00e9voir une pause \u00e0 midi pour manger dans l&#8217;un des restaurants de la zone (pris du repas non inclus dans la balade) avant de monter \u00e0 nouveau pour r\u00e9aliser la deuxi\u00e8me partie de l&#8217;excursion. Nous ferons aussi quelques pauses \u00e0 pied pour \u00e9tirer le corps et que le cheval se repose \u00e9galement.<\/p>\n\n\n\n<p><\/p>\n\n\n\n<p>Si tu as envie d&#8217;une balade plus longue, nous t&#8217;invitons \u00e0 consulter sur notre site le chapitre <a href=\"https:\/\/asturiasacaballo.com\/fr\/rutas-largas\">balades longues<\/a>.<\/p>\n","protected":false},"excerpt":{"rendered":"<p>Information importante: nos chevaux vivent en plein air, et ils ne sont pas toujours disponibles de fa\u00e7on imm\u00e9diate. C&#8217;est pourquoi il est n\u00e9cessaire de nous contacter par Whatsapp en avance si tu veux faire une balade avec nous. Pour r\u00e9server l&#8217;une de nos balades courtes, tu peux nous contacter par t\u00e9l\u00e9phone ou nous envoyer un &hellip; <\/p>\n<p class=\"link-more\"><a href=\"https:\/\/asturiasacaballo.com\/fr\/rutas-cortas\" class=\"more-link\">Continuer la lecture<span class=\"screen-reader-text\"> de &laquo;&nbsp;Balades courtes&nbsp;&raquo;<\/span><\/a><\/p>\n","protected":false},"author":1,"featured_media":0,"parent":0,"menu_order":0,"comment_status":"closed","ping_status":"closed","template":"","meta":{"ngg_post_thumbnail":0,"footnotes":""},"class_list":["post-805","page","type-page","status-publish","hentry"],"translation":{"provider":"WPGlobus","version":"2.7.6","language":"fr","enabled_languages":["es","fr","en"],"languages":{"es":{"title":true,"content":true,"excerpt":false},"fr":{"title":true,"content":true,"excerpt":false},"en":{"title":true,"content":true,"excerpt":false}}},"yoast_head":"<!-- This site is optimized with the Yoast SEO plugin v16.5 - https:\/\/yoast.com\/wordpress\/plugins\/seo\/ -->\n<title>Balades courtes Asturias a caballo - Les Asturies \u00e0 Cheval<\/title>\n<meta name=\"robots\" content=\"index, follow, max-snippet:-1, max-image-preview:large, max-video-preview:-1\" \/>\n<link rel=\"canonical\" href=\"https:\/\/asturiasacaballo.com\/rutas-cortas\" \/>\n<meta property=\"og:locale\" content=\"fr_FR\" \/>\n<meta property=\"og:type\" content=\"article\" \/>\n<meta property=\"og:title\" content=\"Balades courtes Asturias a caballo - Les Asturies \u00e0 Cheval\" \/>\n<meta property=\"og:url\" content=\"https:\/\/asturiasacaballo.com\/rutas-cortas\" \/>\n<meta property=\"og:site_name\" content=\"Les Asturies \u00e0 Cheval\" \/>\n<meta property=\"article:publisher\" content=\"https:\/\/www.facebook.com\/asturiasacaballo\/\" \/>\n<meta property=\"article:modified_time\" content=\"2023-12-19T09:09:25+00:00\" \/>\n<meta name=\"twitter:card\" content=\"summary\" \/>\n<meta name=\"twitter:label1\" content=\"Dur\u00e9e de lecture est.\" \/>\n\t<meta name=\"twitter:data1\" content=\"2 minutes\" \/>\n<script type=\"application\/ld+json\" class=\"yoast-schema-graph\">{\"@context\":\"https:\/\/schema.org\",\"@graph\":[{\"@type\":\"Organization\",\"@id\":\"https:\/\/asturiasacaballo.com\/#organization\",\"name\":\"Asturias a caballo - Paseos y rutas a caballo por Asturias\",\"url\":\"https:\/\/asturiasacaballo.com\/\",\"sameAs\":[\"https:\/\/www.facebook.com\/asturiasacaballo\/\",\"https:\/\/www.instagram.com\/asturacaballo\/\"],\"logo\":{\"@type\":\"ImageObject\",\"@id\":\"https:\/\/asturiasacaballo.com\/#logo\",\"inLanguage\":\"fr-FR\",\"url\":\"https:\/\/asturiasacaballo.com\/wp-content\/uploads\/2018\/08\/logoAsturiasACaballo.jpg\",\"contentUrl\":\"https:\/\/asturiasacaballo.com\/wp-content\/uploads\/2018\/08\/logoAsturiasACaballo.jpg\",\"width\":454,\"height\":451,\"caption\":\"Asturias a caballo - Paseos y rutas a caballo por Asturias\"},\"image\":{\"@id\":\"https:\/\/asturiasacaballo.com\/#logo\"}},{\"@type\":\"WebSite\",\"@id\":\"https:\/\/asturiasacaballo.com\/#website\",\"url\":\"https:\/\/asturiasacaballo.com\/\",\"name\":\"Asturias a Caballo\",\"description\":\"Balades \\u00e0 cheval aux Asturies\",\"publisher\":{\"@id\":\"https:\/\/asturiasacaballo.com\/#organization\"},\"potentialAction\":[{\"@type\":\"SearchAction\",\"target\":\"https:\/\/asturiasacaballo.com\/?s={search_term_string}\",\"query-input\":\"required name=search_term_string\"}],\"inLanguage\":\"fr-FR\"},{\"@type\":\"WebPage\",\"@id\":\"https:\/\/asturiasacaballo.com\/rutas-cortas#webpage\",\"url\":\"https:\/\/asturiasacaballo.com\/rutas-cortas\",\"name\":\"Balades courtes Asturias a caballo - Les Asturies \\u00e0 Cheval\",\"isPartOf\":{\"@id\":\"https:\/\/asturiasacaballo.com\/#website\"},\"datePublished\":\"2020-02-16T17:00:53+00:00\",\"dateModified\":\"2023-12-19T09:09:25+00:00\",\"description\":\"Rutas a caballo por Asturias excursiones a caballo paseos a caballo Asturias\",\"breadcrumb\":{\"@id\":\"https:\/\/asturiasacaballo.com\/rutas-cortas#breadcrumb\"},\"inLanguage\":\"fr-FR\",\"potentialAction\":[{\"@type\":\"ReadAction\",\"target\":[\"https:\/\/asturiasacaballo.com\/rutas-cortas\"]}]},{\"@type\":\"BreadcrumbList\",\"@id\":\"https:\/\/asturiasacaballo.com\/rutas-cortas#breadcrumb\",\"itemListElement\":[{\"@type\":\"ListItem\",\"position\":1,\"name\":\"Portada\",\"item\":\"https:\/\/asturiasacaballo.com\/\"},{\"@type\":\"ListItem\",\"position\":2,\"name\":\"Rutas cortas\"}]}]}<\/script>\n<!-- \/ Yoast SEO plugin. -->","_links":{"self":[{"href":"https:\/\/asturiasacaballo.com\/fr\/wp-json\/wp\/v2\/pages\/805","targetHints":{"allow":["GET"]}}],"collection":[{"href":"https:\/\/asturiasacaballo.com\/fr\/wp-json\/wp\/v2\/pages"}],"about":[{"href":"https:\/\/asturiasacaballo.com\/fr\/wp-json\/wp\/v2\/types\/page"}],"author":[{"embeddable":true,"href":"https:\/\/asturiasacaballo.com\/fr\/wp-json\/wp\/v2\/users\/1"}],"replies":[{"embeddable":true,"href":"https:\/\/asturiasacaballo.com\/fr\/wp-json\/wp\/v2\/comments?post=805"}],"version-history":[{"count":72,"href":"https:\/\/asturiasacaballo.com\/fr\/wp-json\/wp\/v2\/pages\/805\/revisions"}],"predecessor-version":[{"id":1136,"href":"https:\/\/asturiasacaballo.com\/fr\/wp-json\/wp\/v2\/pages\/805\/revisions\/1136"}],"wp:attachment":[{"href":"https:\/\/asturiasacaballo.com\/fr\/wp-json\/wp\/v2\/media?parent=805"}],"curies":[{"name":"wp","href":"https:\/\/api.w.org\/{rel}","templated":true}]}}